{"id":88,"date":"2024-07-12T12:12:54","date_gmt":"2024-07-12T10:12:54","guid":{"rendered":"https:\/\/psycho-art-therapie.fr\/?page_id=88"},"modified":"2025-12-10T15:58:45","modified_gmt":"2025-12-10T14:58:45","slug":"tarifs-et-rdv","status":"publish","type":"page","link":"https:\/\/www.psycho-art-therapie.fr\/index.php\/tarifs-et-rdv\/","title":{"rendered":"Tarifs et remboursement"},"content":{"rendered":"\n<h5 class=\"wp-block-heading has-small-font-size\"><em>Les consultations se font de pr\u00e9f\u00e9rence du lundi au jeudi, entre 9h00 et 19h00<\/em><\/h5>\n\n\n\n<p class=\"has-extra-small-font-size\"><em>Pour le remboursement potentiel des s\u00e9ances, veuillez vous <a href=\"https:\/\/www.psycho-art-therapie.fr\/index.php\/tarifs-et-rdv\/\">r\u00e9f\u00e9rer en bas de page<\/a>.<\/em><\/p>\n\n\n\n<div style=\"height:6px\" aria-hidden=\"true\" class=\"wp-block-spacer\"><\/div>\n\n\n\n<p>Entretien pr\u00e9liminaire\u2026\u2026\u2026\u2026\u2026\u2026\u2026\u2026..\u2026\u2026\u2026\u2026\u2026\u2026\u2026\u2026\u2026\u2026\u2026\u2026&#8230;.. 40 \u20ac<\/p>\n\n\n\n<p>S\u00e9ance de th\u00e9rapie en individuel (45min \u00e0 1h): .\u2026\u2026\u2026\u2026.\u2026..\u202650 \u20ac<\/p>\n\n\n\n<p>Th\u00e9rapie familiale ou en groupe\u2026\u2026\u2026\u2026\u2026\u2026\u2026\u2026\u2026\u2026\u2026\u2026\u2026\u2026\u2026\u2026..40\u20ac\/pers.<\/p>\n\n\n\n<div class=\"wp-block-buttons is-content-justification-center is-layout-flex wp-container-core-buttons-is-layout-16018d1d wp-block-buttons-is-layout-flex\">\n<div class=\"wp-block-button\"><a class=\"wp-block-button__link has-text-align-center wp-element-button\" href=\"https:\/\/www.psycho-art-therapie.fr\/index.php\/prendre-rendez-vous\/\">PRENDRE RENDEZ-VOUS EN LIGNE<\/a><\/div>\n<\/div>\n\n\n\n<div style=\"height:24px\" aria-hidden=\"true\" class=\"wp-block-spacer\"><\/div>\n\n\n\n<p>En l\u2019absence de conventionnement par la s\u00e9curit\u00e9 sociale, les consultations ne sont pas prises en charge par le dispositif \u00ab&nbsp;monpsy&nbsp;\u00bb.<\/p>\n\n\n\n<p>Cependant, certaines mutuelles sont susceptibles d\u2019effectuer un remboursement partiel des s\u00e9ances.<\/p>\n\n\n\n<details class=\"wp-block-details is-layout-flow wp-block-details-is-layout-flow\"><summary>Cliquez ici pour consulter la liste des mutuelles prenant en charge une partie des frais de consultation chez un psychologue<\/summary>\n<p><strong>ADREA<\/strong> : De 75 \u00e0 150\u20ac par an selon les formules (Bien-\u00eatre 1 et Bien-\u00eatre 2)<br><strong>AG2R <\/strong>: 50\u20ac par s\u00e9ance pour 4 s\u00e9ances par an et par b\u00e9n\u00e9ficiaire.<br><strong>AGF <\/strong>: 75\u20ac rembours\u00e9s par an par b\u00e9n\u00e9ficiaire<br><strong>AGIPI<\/strong> : 90\u20ac \u00e0 partir de la formule confort et jusqu&rsquo;\u00e0 240\u20ac.<br><strong>AIR FRANCE <\/strong>: adulte, forfait de 25\u20ac dans la limite de 6 s\u00e9ances tous les 2 ans sur facture acquitt\u00e9e.<br><strong>AIR FRANCE<\/strong> (Contrat Air France) : Pour enfants de moins de 18 ans (et sans limite d&rsquo;\u00e2ge pour les enfants handicap\u00e9s) forfait de 20\u20ac dans la limite de 25 s\u00e9ances par an.<br><strong>AIR FRANCE<\/strong> (Contrat Surco AF) : Pour enfants de moins de 18 ans (et sans limite d&rsquo;\u00e2ge pour les enfants handicap\u00e9s) forfait de 25\u20ac dans la limite de 25 s\u00e9ances par an.<br><strong>ALPTIS<\/strong> (Option Renfort Bien-\u00catre) : Jusqu&rsquo;\u00e0&nbsp;25\u20ac par s\u00e9ance pour 4 s\u00e9ances par an et par b\u00e9n\u00e9ficiaire.<br><strong>ALPTIS<\/strong> (Formule Clarea): Jusqu&rsquo;\u00e0&nbsp;25\u20ac par s\u00e9ance pour 5 s\u00e9ances par an et par b\u00e9n\u00e9ficiaire.<br><strong>APICIL<\/strong> (\u00c0 partir du niveau 2 de garanties et sur les options dynamiques 2 \u00e0 6) : De 25\u20ac \u00e0 50\u20ac par s\u00e9ance en pour 5 s\u00e9ances par an et par b\u00e9n\u00e9ficiaire.<br><strong>APRIL<\/strong> (formule Sant\u00e9TNS): en fonction du niveau de cotisations, de 15\u20ac \u00e0 60\u20ac de remboursement par s\u00e9ance, dans la limite de 4 s\u00e9ances par an par b\u00e9n\u00e9ficiaire.<br><strong>APRIL<\/strong> (formule NewFamily): un forfait de 200\u20ac par an pour des s\u00e9ances avec un psychologue pour enfants.<br><strong>APRIL<\/strong> (formule SeniorPlus): 25\u20ac \u00e0 50\u20ac de remboursement par s\u00e9ance, dans la limite de 5 s\u00e9ances par an par b\u00e9n\u00e9ficiaire.<br><strong>AR\u00c9AS<\/strong> (Gammes Essentielles et Int\u00e9grales) : De 31\u20ac 46\u20ac pour 5 s\u00e9ances par an et par b\u00e9n\u00e9ficiaire.<br><strong>ASETYS<\/strong> : 50% des frais r\u00e9els dans la limite de 120 \u20ac par an et jusqu&rsquo;\u00e0<em>&nbsp;<\/em>500 \u20ac par an de remboursement selon la formule choisie.<br><strong>AXA<\/strong> : jusqu&rsquo;\u00e0 10 s\u00e9ances \u00e0 40\u20ac rembours\u00e9es par an.<br><strong>CREDIT<\/strong> <strong>AGRICOLE<\/strong> (Assurance \u00ab\u00a0Pacifica\u00a0\u00bb): 30\u20ac par s\u00e9ance, jusqu&rsquo;\u00e0 150\u20ac par an en formule Bien-\u00eatre, 200\u20ac par an en formule Bien-\u00eatre +.<br><strong>CNM<\/strong> : Max 60\u20ac par s\u00e9ance et 100\u20ac par an sur la formule B1<br>et&nbsp;jusqu&rsquo;\u00e0 250\u20ac par an (formule E).<br><strong>ENTRE NOUS<\/strong> : De 30\u20ac \u00e0 120\u20ac par an en fonction de la formule et de l\u2019\u00e2ge.<br><strong>ENTORIA<\/strong> : En fonction de la gamme entreprise, 30 \u20ac pour 4 s\u00e9ances par an et par b\u00e9n\u00e9ficiaire, dans la limite des frais r\u00e9els.<br><strong>EMOA<\/strong> : \u00c0 partir de 15\u20ac par s\u00e9ance jusqu&rsquo;\u00e0 50\u20ac, dans la limite de 4 s\u00e9ances par an.<br><strong>GMF<\/strong> (Niveau 2) : 20 \u20ac par s\u00e9ance pour 3 s\u00e9ances par an et par b\u00e9n\u00e9ficiaire.<br><strong>GMF<\/strong> (Niveau 3) : 25 \u20ac par s\u00e9ance pour 4 s\u00e9ances par an et par b\u00e9n\u00e9ficiaire.<br><strong>GMF<\/strong> (Niveau 4) : 30 \u20ac par s\u00e9ance pour 4 s\u00e9ances par an et par b\u00e9n\u00e9ficiaire.<br><strong>GROUPE MUTUALISTE RATP<\/strong> (garantie Prim): \u00e0 hauteur de 20% d&rsquo;une s\u00e9ance.<br><strong>GROUPE MUTUALISTE RATP<\/strong> (garantie Premi\u00e8re): \u00e0 hauteur de 40% d&rsquo;une s\u00e9ance.<br><strong>HARMONIE MUTUELLE<\/strong> : 15\u20ac par s\u00e9ance.<br><strong>HUMANIS<\/strong> (mutuelle Radiance) : 50% des frais li\u00e9s aux consultations, dans la limite de 200\u20ac par an.<br><strong>INTEGRANCE<\/strong> (formule n\u00e9o-solidarit\u00e9) : 30\u20ac par s\u00e9ance pour 4 s\u00e9ances par an et par b\u00e9n\u00e9ficiaire.<br><strong>LA MUTUELLE DES SCOP ET DES SCIC<\/strong> (Formule Initiale): 20\u20ac par s\u00e9ance pour 2 s\u00e9ances par an et par b\u00e9n\u00e9ficiaire.<br><strong>LA MUTUELLE DES SCOP ET DES SCIC<\/strong> (Formule Confort): 30\u20ac par s\u00e9ance pour 4 s\u00e9ances par an et par b\u00e9n\u00e9ficiaire.<br><strong>LA MUTUELLE DES SCOP ET DES SCIC<\/strong> (Formule S\u00e9r\u00e9nit\u00e9): 40\u20ac par s\u00e9ance pour 6 s\u00e9ances par an et par b\u00e9n\u00e9ficiaire.<br><strong>LA MUTUELLE DES SCOP ET DES SCIC<\/strong> (Formule Quietude): 56\u20ac par s\u00e9ance pour 6 s\u00e9ances par an et par b\u00e9n\u00e9ficiaire.<br><strong>LMDE<\/strong> (Tous soins) : 10\u20ac par s\u00e9ance pour 5 s\u00e9ances par an et par b\u00e9n\u00e9ficiaire.<br><strong>LMDE<\/strong> (Forfait) : 12\u20ac par s\u00e9ance pour 5 s\u00e9ances par an et par b\u00e9n\u00e9ficiaire.<br><strong>LMDE<\/strong> (Optimum forfait) : 15\u20ac par s\u00e9ance pour 10 s\u00e9ances par an et par b\u00e9n\u00e9ficiaire.<br><strong>MAAF<\/strong> : soutien psychologique en cas de traumatisme, maladie grave, etc.<br><strong>MAIF<\/strong> : jusqu&rsquo;\u00e0 10 s\u00e9ances int\u00e9gralement rembours\u00e9es vous sont propos\u00e9es suite \u00e0 un accident corporel.<br><strong>MALAKOFF MEDERIC<\/strong> : 150\u20ac par an, selon les conventions n\u00e9goci\u00e9es par votre employeur.<br><strong>MATMUT<\/strong> : De 50\u20ac \u00e0 120\u20ac rembours\u00e9s par an et par b\u00e9n\u00e9ficiaire.<br><strong>MERCER<\/strong> : 70% rembours\u00e9s sur 15 s\u00e9ances, ou 100% rembours\u00e9s sur 6 s\u00e9ances.<br><strong>MFIF<\/strong> : 60\u20ac max par s\u00e9ance et jusqu&rsquo;\u00e0 240\u20ac par an sur Essentiel.<br><strong>MGEN<\/strong> : De 10\u20ac \u00e0 20\u20ac de remboursement par s\u00e9ance, selon la formule choisie, pour 20 s\u00e9ances par an par b\u00e9n\u00e9ficiaire.<br><strong>MILTIS<\/strong> (Pack Bien-\u00eatre) : 35 \u20ac par s\u00e9ance pour 3 s\u00e9ances par an et par b\u00e9n\u00e9ficiaire.<br><strong>MNH<\/strong> (Garantie Choisya) : De 60\u20ac \u00e0 120\u20ac de remboursement par an selon formule souscrite.<br><strong>MPI<\/strong> (Formule \u00c9toile): 10\u20ac par s\u00e9ance pour 3 s\u00e9ances par an et par b\u00e9n\u00e9ficiaire.<br><strong>MPI<\/strong> (Formule Saphir): 20\u20ac par s\u00e9ance pour 3 s\u00e9ances par an et par b\u00e9n\u00e9ficiaire.<br><strong>MPI<\/strong> (Formule Oc\u00e9an): 30\u20ac par s\u00e9ance pour 3 s\u00e9ances par an et par b\u00e9n\u00e9ficiaire.<br><strong>MPI<\/strong> (Formule Diamant): 40\u20ac par s\u00e9ance pour 3 s\u00e9ances par an et par b\u00e9n\u00e9ficiaire.<br><strong>MPI<\/strong> (Formule Confort): 50\u20ac par s\u00e9ance pour 3 s\u00e9ances par an et par b\u00e9n\u00e9ficiaire.<br><strong>MUTASANT\u00c9<\/strong> : De 15\u20ac \u00e0 50\u20ac par s\u00e9ance en fonction de la formule limit\u00e9 \u00e0 2 par ann\u00e9e civile.<br><strong>MUTEST<\/strong> : Remboursement entre 50\u20ac et 250\u20ac par an en fonction du niveau choisi.<br><strong>MUTUELLE ENTRAIN<\/strong> : 20\u20ac \u00e0 220\u20ac par an et par b\u00e9n\u00e9ficiaire (selon la formule).<br><strong>MUTUELLE DE L\u2019ARM\u00c9E DE L\u2019AIR<\/strong> (selon l&rsquo;option choisie): 10 s\u00e9ances par an par b\u00e9n\u00e9ficiaire.<br><strong>MUTUELLE INTERIALE<\/strong> (formule Pl\u00e9nitude): remboursement de 40\u20ac par s\u00e9ance pour 3 s\u00e9ances par an et par b\u00e9n\u00e9ficiaire.<br><strong>MUTUELLE VERTE<\/strong> : Pour les enfants de mois de 15 ans, sur pr\u00e9sentation de la facture acquitt\u00e9e et d&rsquo;une attestation du m\u00e9decin traitant. 10 \u20ac par s\u00e9ance pour 3 s\u00e9ances par an et par b\u00e9n\u00e9ficiaire.<br><strong>NOSTRUM CARE<\/strong> : De 25\u20ac \u00e0 50\u20ac pour 6 s\u00e9ances par an et par b\u00e9n\u00e9ficiaire (selon le pack).<br><strong>OCIANE MATMUT<\/strong> : 30\u20ac par s\u00e9ance pour 1 \u00e0 4 s\u00e9ances par an et par b\u00e9n\u00e9ficiaire (selon la formule).<br><strong>PREVOIR<\/strong> (PREVOIRPRO Actif Sant\u00e9) : De 100\u20ac \u00e0 200\u20ac rembours\u00e9s par an par b\u00e9n\u00e9ficiaire.<br><strong>PRO BTP<\/strong> (S3) : 40\u20ac par s\u00e9ance pour 2 s\u00e9ances par an et par b\u00e9n\u00e9ficiaire.<br><strong>PRO BTP<\/strong> (S3+) : 40\u20ac par s\u00e9ance pour 3 s\u00e9ances par an et par b\u00e9n\u00e9ficiaire. <br><strong>PRO BTP<\/strong> (S4) : 40\u20ac par s\u00e9ance pour 4 s\u00e9ances par an et par b\u00e9n\u00e9ficiaire.<br><strong>PRO BTP<\/strong> (S5) : 50\u20ac par s\u00e9ance pour 4 s\u00e9ances par an et par b\u00e9n\u00e9ficiaire.<br><strong>UNEO<\/strong> (militaires et leur famille): 40\u20ac par s\u00e9ance pour 3 s\u00e9ances par an par b\u00e9n\u00e9ficiaire.<br><strong>SWISSLIFE<\/strong> (Pack Pr\u00e9vention Sant\u00e9): remboursement sur des consultations psychologiques et un forfait anti-tabac.<br>Certaines mutuelles \u00ab\u00a0Employeur\u00a0\u00bb comme <strong>VIVINTER<\/strong> selon les conventions n\u00e9goci\u00e9es par votre employeur<br>Les mutuelles professionnelles peuvent \u00e9galement rembourser des s\u00e9ances, comme celles d&rsquo;<strong>EDF<\/strong>, de la <strong>SNCF<\/strong>, etc.<br><br><\/p>\n<\/details>\n\n\n\n<p><\/p>\n","protected":false},"excerpt":{"rendered":"<p>Les consultations se font de pr\u00e9f\u00e9rence du lundi au jeudi, entre 9h00 et 19h00 Pour le remboursement potentiel des s\u00e9ances, veuillez vous r\u00e9f\u00e9rer en bas de page. En l\u2019absence de conventionnement par la s\u00e9curit\u00e9 sociale, les consultations ne sont pas prises en charge par le dispositif \u00ab&nbsp;monpsy&nbsp;\u00bb. Cependant, certaines mutuelles sont susceptibles d\u2019effectuer un remboursement&hellip; <a class=\"more-link\" href=\"https:\/\/www.psycho-art-therapie.fr\/index.php\/tarifs-et-rdv\/\">Poursuivre la lecture <span class=\"screen-reader-text\">Tarifs et remboursement<\/span><\/a><\/p>\n","protected":false},"author":1,"featured_media":0,"parent":0,"menu_order":0,"comment_status":"closed","ping_status":"closed","template":"","meta":{"footnotes":""},"class_list":["post-88","page","type-page","status-publish","hentry","entry"],"yoast_head":"<!-- This site is optimized with the Yoast SEO plugin v27.4 - https:\/\/yoast.com\/product\/yoast-seo-wordpress\/ -->\n<title>Tarifs et remboursement - Cl\u00e9mentine Denis<\/title>\n<meta name=\"description\" content=\"Les s\u00e9ances ne sont pas rembours\u00e9es par le dispositif monpsy. Cependant, certaines mutuelles peuvent effectuer un remboursement des s\u00e9ances.\" \/>\n<meta name=\"robots\" content=\"index, follow, max-snippet:-1, max-image-preview:large, max-video-preview:-1\" \/>\n<link rel=\"canonical\" href=\"https:\/\/www.psycho-art-therapie.fr\/index.php\/tarifs-et-rdv\/\" \/>\n<meta property=\"og:locale\" content=\"fr_FR\" \/>\n<meta property=\"og:type\" content=\"article\" \/>\n<meta property=\"og:title\" content=\"Tarifs et remboursement - Cl\u00e9mentine Denis\" \/>\n<meta property=\"og:description\" content=\"Les s\u00e9ances ne sont pas rembours\u00e9es par le dispositif monpsy. Cependant, certaines mutuelles peuvent effectuer un remboursement des s\u00e9ances.\" \/>\n<meta property=\"og:url\" content=\"https:\/\/www.psycho-art-therapie.fr\/index.php\/tarifs-et-rdv\/\" \/>\n<meta property=\"og:site_name\" content=\"Cl\u00e9mentine Denis\" \/>\n<meta property=\"article:modified_time\" content=\"2025-12-10T14:58:45+00:00\" \/>\n<meta name=\"twitter:card\" content=\"summary_large_image\" \/>\n<meta name=\"twitter:label1\" content=\"Dur\u00e9e de lecture estim\u00e9e\" \/>\n\t<meta name=\"twitter:data1\" content=\"7 minutes\" \/>\n<script type=\"application\/ld+json\" class=\"yoast-schema-graph\">{\"@context\":\"https:\\\/\\\/schema.org\",\"@graph\":[{\"@type\":\"WebPage\",\"@id\":\"https:\\\/\\\/www.psycho-art-therapie.fr\\\/index.php\\\/tarifs-et-rdv\\\/\",\"url\":\"https:\\\/\\\/www.psycho-art-therapie.fr\\\/index.php\\\/tarifs-et-rdv\\\/\",\"name\":\"Tarifs et remboursement - Cl\u00e9mentine Denis\",\"isPartOf\":{\"@id\":\"https:\\\/\\\/www.psycho-art-therapie.fr\\\/#website\"},\"datePublished\":\"2024-07-12T10:12:54+00:00\",\"dateModified\":\"2025-12-10T14:58:45+00:00\",\"description\":\"Les s\u00e9ances ne sont pas rembours\u00e9es par le dispositif monpsy. Cependant, certaines mutuelles peuvent effectuer un remboursement des s\u00e9ances.\",\"breadcrumb\":{\"@id\":\"https:\\\/\\\/www.psycho-art-therapie.fr\\\/index.php\\\/tarifs-et-rdv\\\/#breadcrumb\"},\"inLanguage\":\"fr-FR\",\"potentialAction\":[{\"@type\":\"ReadAction\",\"target\":[\"https:\\\/\\\/www.psycho-art-therapie.fr\\\/index.php\\\/tarifs-et-rdv\\\/\"]}]},{\"@type\":\"BreadcrumbList\",\"@id\":\"https:\\\/\\\/www.psycho-art-therapie.fr\\\/index.php\\\/tarifs-et-rdv\\\/#breadcrumb\",\"itemListElement\":[{\"@type\":\"ListItem\",\"position\":1,\"name\":\"Accueil\",\"item\":\"https:\\\/\\\/www.psycho-art-therapie.fr\\\/\"},{\"@type\":\"ListItem\",\"position\":2,\"name\":\"Tarifs et remboursement\"}]},{\"@type\":\"WebSite\",\"@id\":\"https:\\\/\\\/www.psycho-art-therapie.fr\\\/#website\",\"url\":\"https:\\\/\\\/www.psycho-art-therapie.fr\\\/\",\"name\":\"Cl\u00e9mentine Denis\",\"description\":\"Psychologue &amp; Art-Th\u00e9rapeute\",\"potentialAction\":[{\"@type\":\"SearchAction\",\"target\":{\"@type\":\"EntryPoint\",\"urlTemplate\":\"https:\\\/\\\/www.psycho-art-therapie.fr\\\/?s={search_term_string}\"},\"query-input\":{\"@type\":\"PropertyValueSpecification\",\"valueRequired\":true,\"valueName\":\"search_term_string\"}}],\"inLanguage\":\"fr-FR\"}]}<\/script>\n<!-- \/ Yoast SEO plugin. -->","yoast_head_json":{"title":"Tarifs et remboursement - Cl\u00e9mentine Denis","description":"Les s\u00e9ances ne sont pas rembours\u00e9es par le dispositif monpsy. Cependant, certaines mutuelles peuvent effectuer un remboursement des s\u00e9ances.","robots":{"index":"index","follow":"follow","max-snippet":"max-snippet:-1","max-image-preview":"max-image-preview:large","max-video-preview":"max-video-preview:-1"},"canonical":"https:\/\/www.psycho-art-therapie.fr\/index.php\/tarifs-et-rdv\/","og_locale":"fr_FR","og_type":"article","og_title":"Tarifs et remboursement - Cl\u00e9mentine Denis","og_description":"Les s\u00e9ances ne sont pas rembours\u00e9es par le dispositif monpsy. Cependant, certaines mutuelles peuvent effectuer un remboursement des s\u00e9ances.","og_url":"https:\/\/www.psycho-art-therapie.fr\/index.php\/tarifs-et-rdv\/","og_site_name":"Cl\u00e9mentine Denis","article_modified_time":"2025-12-10T14:58:45+00:00","twitter_card":"summary_large_image","twitter_misc":{"Dur\u00e9e de lecture estim\u00e9e":"7 minutes"},"schema":{"@context":"https:\/\/schema.org","@graph":[{"@type":"WebPage","@id":"https:\/\/www.psycho-art-therapie.fr\/index.php\/tarifs-et-rdv\/","url":"https:\/\/www.psycho-art-therapie.fr\/index.php\/tarifs-et-rdv\/","name":"Tarifs et remboursement - Cl\u00e9mentine Denis","isPartOf":{"@id":"https:\/\/www.psycho-art-therapie.fr\/#website"},"datePublished":"2024-07-12T10:12:54+00:00","dateModified":"2025-12-10T14:58:45+00:00","description":"Les s\u00e9ances ne sont pas rembours\u00e9es par le dispositif monpsy. Cependant, certaines mutuelles peuvent effectuer un remboursement des s\u00e9ances.","breadcrumb":{"@id":"https:\/\/www.psycho-art-therapie.fr\/index.php\/tarifs-et-rdv\/#breadcrumb"},"inLanguage":"fr-FR","potentialAction":[{"@type":"ReadAction","target":["https:\/\/www.psycho-art-therapie.fr\/index.php\/tarifs-et-rdv\/"]}]},{"@type":"BreadcrumbList","@id":"https:\/\/www.psycho-art-therapie.fr\/index.php\/tarifs-et-rdv\/#breadcrumb","itemListElement":[{"@type":"ListItem","position":1,"name":"Accueil","item":"https:\/\/www.psycho-art-therapie.fr\/"},{"@type":"ListItem","position":2,"name":"Tarifs et remboursement"}]},{"@type":"WebSite","@id":"https:\/\/www.psycho-art-therapie.fr\/#website","url":"https:\/\/www.psycho-art-therapie.fr\/","name":"Cl\u00e9mentine Denis","description":"Psychologue &amp; Art-Th\u00e9rapeute","potentialAction":[{"@type":"SearchAction","target":{"@type":"EntryPoint","urlTemplate":"https:\/\/www.psycho-art-therapie.fr\/?s={search_term_string}"},"query-input":{"@type":"PropertyValueSpecification","valueRequired":true,"valueName":"search_term_string"}}],"inLanguage":"fr-FR"}]}},"_links":{"self":[{"href":"https:\/\/www.psycho-art-therapie.fr\/index.php\/wp-json\/wp\/v2\/pages\/88","targetHints":{"allow":["GET"]}}],"collection":[{"href":"https:\/\/www.psycho-art-therapie.fr\/index.php\/wp-json\/wp\/v2\/pages"}],"about":[{"href":"https:\/\/www.psycho-art-therapie.fr\/index.php\/wp-json\/wp\/v2\/types\/page"}],"author":[{"embeddable":true,"href":"https:\/\/www.psycho-art-therapie.fr\/index.php\/wp-json\/wp\/v2\/users\/1"}],"replies":[{"embeddable":true,"href":"https:\/\/www.psycho-art-therapie.fr\/index.php\/wp-json\/wp\/v2\/comments?post=88"}],"version-history":[{"count":22,"href":"https:\/\/www.psycho-art-therapie.fr\/index.php\/wp-json\/wp\/v2\/pages\/88\/revisions"}],"predecessor-version":[{"id":339,"href":"https:\/\/www.psycho-art-therapie.fr\/index.php\/wp-json\/wp\/v2\/pages\/88\/revisions\/339"}],"wp:attachment":[{"href":"https:\/\/www.psycho-art-therapie.fr\/index.php\/wp-json\/wp\/v2\/media?parent=88"}],"curies":[{"name":"wp","href":"https:\/\/api.w.org\/{rel}","templated":true}]}}